{"id":3554,"date":"2018-08-23T16:05:47","date_gmt":"2018-08-23T15:05:47","guid":{"rendered":"https:\/\/www.partnersincoaching.com\/fr\/?page_id=3554"},"modified":"2022-12-12T23:34:25","modified_gmt":"2022-12-12T23:34:25","slug":"charte-des-cookies","status":"publish","type":"page","link":"https:\/\/www.partnersincoaching.com\/fr\/charte-des-cookies\/","title":{"rendered":"Charte des Cookies"},"content":{"rendered":"<h3><span class=\"notranslate\"><strong>CHARTE DES COOKIES<\/strong><\/span><\/h3>\n<p><span class=\"notranslate\"><strong>Qu&rsquo;est-ce qu&rsquo;un cookie?<\/strong><\/span><\/p>\n<ul>\n<li><span class=\"notranslate\">Un \u00ab\u00a0cookie\u00a0\u00bb est une information stock\u00e9e sur le disque dur de votre ordinateur et qui enregistre votre navigation sur un site Web afin que, lorsque vous revenez sur ce site, il puisse pr\u00e9senter des options personnalis\u00e9es bas\u00e9es sur les informations stock\u00e9es sur votre dernier site. visite.<\/span>\u00a0<span class=\"notranslate\">Les cookies peuvent \u00e9galement \u00eatre utilis\u00e9s pour analyser le trafic et \u00e0 des fins publicitaires et de marketing.<\/span><\/li>\n<li><span class=\"notranslate\">Les cookies sont utilis\u00e9s par presque tous les sites Web et ne nuisent pas \u00e0 votre syst\u00e8me.<\/span><\/li>\n<\/ul>\n<p><span class=\"notranslate\">Si vous souhaitez v\u00e9rifier ou modifier les types de cookies que vous acceptez, cela peut g\u00e9n\u00e9ralement \u00eatre modifi\u00e9 dans les param\u00e8tres de votre navigateur.<\/span>\u00a0<span class=\"notranslate\">Vous pouvez bloquer les cookies \u00e0 tout moment en activant le param\u00e8tre de votre navigateur qui vous permet de refuser la configuration de tous ou de certains cookies.<\/span>\u00a0<span class=\"notranslate\">Cependant, si vous utilisez les param\u00e8tres de votre navigateur pour bloquer tous les cookies (y compris les cookies essentiels), vous ne pourrez peut-\u00eatre pas acc\u00e9der \u00e0 tout ou partie de notre site.<\/span><\/p>\n<p><span class=\"notranslate\"><strong>Comment utilisons-nous les cookies?<\/strong><\/span><\/p>\n<ul>\n<li><span class=\"notranslate\">Nous utilisons des cookies pour suivre votre utilisation de notre site Web.<\/span>\u00a0<span class=\"notranslate\">Cela nous permet de comprendre comment vous utilisez le site et de suivre les tendances concernant votre utilisation de notre site Web.<\/span>\u00a0<span class=\"notranslate\">Cela nous aide \u00e0 d\u00e9velopper et \u00e0 am\u00e9liorer notre site Web ainsi que nos produits et \/ ou services en r\u00e9ponse \u00e0 vos besoins ou \u00e0 vos d\u00e9sirs.<\/span><\/li>\n<li><span class=\"notranslate\">Les cookies sont soit:<\/span>\n<ul>\n<li><span class=\"notranslate\">Cookies de session: ils ne sont stock\u00e9s sur votre ordinateur que pendant votre session Web et sont automatiquement supprim\u00e9s lorsque vous fermez votre navigateur. Ils stockent g\u00e9n\u00e9ralement un identifiant de session anonyme vous permettant de naviguer sur un site sans devoir vous connecter \u00e0 chaque page.\u00a0<\/span><\/li>\n<li><span class=\"notranslate\">Cookies persistants: un cookie persistant est stock\u00e9 sous forme de fichier sur votre ordinateur et y reste lorsque vous fermez votre navigateur Web.<\/span>\u00a0<span class=\"notranslate\">Le cookie peut \u00eatre lu par le site Web qui l&rsquo;a cr\u00e9\u00e9 lorsque vous visitez \u00e0 nouveau ce site Web.<\/span>\u00a0<span class=\"notranslate\">Nous utilisons des cookies persistants pour Google Analytics.<\/span><\/li>\n<\/ul>\n<\/li>\n<li><span class=\"notranslate\">Les cookies peuvent \u00e9galement \u00eatre class\u00e9s comme suit:<\/span>\n<ul>\n<li><span class=\"notranslate\">Cookies strictement n\u00e9cessaires: ces cookies sont essentiels pour vous permettre d&rsquo;utiliser efficacement le site Web, par exemple lors de l&rsquo;achat d&rsquo;un produit et \/ ou d&rsquo;un service, et ne peuvent donc pas \u00eatre d\u00e9sactiv\u00e9s.<\/span>\u00a0<span class=\"notranslate\">Sans ces cookies, les services disponibles sur notre site Web ne peuvent \u00eatre fournis.<\/span>\u00a0<span class=\"notranslate\">Ces cookies ne collectent pas d&rsquo;informations vous concernant pouvant \u00eatre utilis\u00e9es pour le marketing ou pour vous rappeler o\u00f9 vous vous \u00eates trouv\u00e9 sur Internet.<\/span><\/li>\n<li><span class=\"notranslate\">Cookies de performance: ces cookies nous permettent de surveiller et d&rsquo;am\u00e9liorer les performances de notre site Web.<\/span>\u00a0<span class=\"notranslate\">Par exemple, ils nous permettent de compter les visites, d&rsquo;identifier les sources de trafic et de voir quelles parties du site sont les plus populaires.<\/span><\/li>\n<li><span class=\"notranslate\">Cookies de fonctionnalit\u00e9: Ces cookies permettent \u00e0 notre site Web de m\u00e9moriser les choix que vous faites et offrent des fonctionnalit\u00e9s am\u00e9lior\u00e9es.<\/span>\u00a0<span class=\"notranslate\">Par exemple, nous pouvons vous fournir des nouvelles ou des mises \u00e0 jour concernant les services que vous utilisez.<\/span>\u00a0<span class=\"notranslate\">Ils peuvent \u00e9galement \u00eatre utilis\u00e9s pour fournir des services que vous avez demand\u00e9s, tels que visionner une vid\u00e9o ou commenter un blog.<\/span>\u00a0<span class=\"notranslate\">Les informations collect\u00e9es par ces cookies sont g\u00e9n\u00e9ralement anonymis\u00e9es.<\/span><\/li>\n<\/ul>\n<\/li>\n<\/ul>\n<p><span class=\"notranslate\"><strong>Mettre \u00e0 jour mes pr\u00e9f\u00e9rences de confidentialit\u00e9:<\/strong><\/span><\/p>\n<p class=\"p1\"><span class=\"s1\"><button type=\"button\" class=\"gdpr-preferences\" data-tab=\"gdpr-consent-management\">Pr\u00e9f\u00e9rences de Confidentialit\u00e9<\/button><\/span><\/p>\n","protected":false},"excerpt":{"rendered":"<p>CHARTE DES COOKIES Qu&rsquo;est-ce qu&rsquo;un cookie? Un \u00ab\u00a0cookie\u00a0\u00bb est une information stock\u00e9e sur le disque dur de votre ordinateur et qui enregistre votre navigation sur un<span class=\"excerpt-hellip\"> [\u2026]<\/span><\/p>\n","protected":false},"author":4,"featured_media":0,"parent":0,"menu_order":0,"comment_status":"closed","ping_status":"closed","template":"","meta":[],"_links":{"self":[{"href":"https:\/\/www.partnersincoaching.com\/fr\/wp-json\/wp\/v2\/pages\/3554"}],"collection":[{"href":"https:\/\/www.partnersincoaching.com\/fr\/wp-json\/wp\/v2\/pages"}],"about":[{"href":"https:\/\/www.partnersincoaching.com\/fr\/wp-json\/wp\/v2\/types\/page"}],"author":[{"embeddable":true,"href":"https:\/\/www.partnersincoaching.com\/fr\/wp-json\/wp\/v2\/users\/4"}],"replies":[{"embeddable":true,"href":"https:\/\/www.partnersincoaching.com\/fr\/wp-json\/wp\/v2\/comments?post=3554"}],"version-history":[{"count":3,"href":"https:\/\/www.partnersincoaching.com\/fr\/wp-json\/wp\/v2\/pages\/3554\/revisions"}],"predecessor-version":[{"id":3570,"href":"https:\/\/www.partnersincoaching.com\/fr\/wp-json\/wp\/v2\/pages\/3554\/revisions\/3570"}],"wp:attachment":[{"href":"https:\/\/www.partnersincoaching.com\/fr\/wp-json\/wp\/v2\/media?parent=3554"}],"curies":[{"name":"wp","href":"https:\/\/api.w.org\/{rel}","templated":true}]}}